{"id":5433,"date":"2026-01-20T18:37:09","date_gmt":"2026-01-20T16:37:09","guid":{"rendered":"https:\/\/www.grand-angle-libertaire.net\/?page_id=5433"},"modified":"2026-01-20T18:38:07","modified_gmt":"2026-01-20T16:38:07","slug":"georges-brassens-et-leo-ferre-des-chanteurs-en-anarchisme","status":"publish","type":"page","link":"https:\/\/www.grand-angle-libertaire.net\/?page_id=5433","title":{"rendered":"Georges Brassens et L\u00e9o Ferr\u00e9, des chanteurs en anarchisme"},"content":{"rendered":"<h5 class=\"elementToProof\"><span style=\"color: #0000ff;\">Georges Brassens et L\u00e9o Ferr\u00e9, des chanteurs en anarchisme<\/span><\/h5>\n<h5 class=\"elementToProof\">(podcast de 19 mn 27 s)<\/h5>\n<h5 class=\"elementToProof\">Par Philippe Corcuff (professeur de science politique \u00e0 Sciences Po Lyon)<\/h5>\n<h5 class=\"elementToProof\">Ce podcast a \u00e9t\u00e9 r\u00e9alis\u00e9 dans le cadre d&rsquo;un cours de 5e ann\u00e9e de Sciences Po Lyon sur \u00ab\u00a0Droit et soci\u00e9t\u00e9\u00a0\u00bb, consacr\u00e9 en 2024-2025 et 2025-2026 \u00e0 \u00ab\u00a0Anarchie et droit\u00a0\u00bb.<\/h5>\n<audio class=\"wp-audio-shortcode\" id=\"audio-5433-1\" preload=\"none\" style=\"width: 100%;\" controls=\"controls\"><source type=\"audio\/mpeg\" src=\"https:\/\/www.grand-angle-libertaire.net\/wp-content\/uploads\/2026\/01\/Podcast-2-Philippe-Corcuff-Brassens-Ferre-anarchisme-aout-2024.mp3?_=1\" \/><a href=\"https:\/\/www.grand-angle-libertaire.net\/wp-content\/uploads\/2026\/01\/Podcast-2-Philippe-Corcuff-Brassens-Ferre-anarchisme-aout-2024.mp3\">https:\/\/www.grand-angle-libertaire.net\/wp-content\/uploads\/2026\/01\/Podcast-2-Philippe-Corcuff-Brassens-Ferre-anarchisme-aout-2024.mp3<\/a><\/audio>\n","protected":false},"excerpt":{"rendered":"<p>Georges Brassens et L\u00e9o Ferr\u00e9, des chanteurs en anarchisme (podcast de 19 mn 27 s) Par Philippe Corcuff (professeur de science politique \u00e0 Sciences Po Lyon) Ce podcast a \u00e9t\u00e9 r\u00e9alis\u00e9 dans le cadre d&rsquo;un cours &hellip; <\/p>\n","protected":false},"author":10,"featured_media":0,"parent":5338,"menu_order":3,"comment_status":"closed","ping_status":"closed","template":"","meta":{"footnotes":""},"class_list":["post-5433","page","type-page","status-publish","hentry"],"jetpack_sharing_enabled":true,"jetpack_shortlink":"https:\/\/wp.me\/Pc9uqr-1pD","_links":{"self":[{"href":"https:\/\/www.grand-angle-libertaire.net\/index.php?rest_route=\/wp\/v2\/pages\/5433","targetHints":{"allow":["GET"]}}],"collection":[{"href":"https:\/\/www.grand-angle-libertaire.net\/index.php?rest_route=\/wp\/v2\/pages"}],"about":[{"href":"https:\/\/www.grand-angle-libertaire.net\/index.php?rest_route=\/wp\/v2\/types\/page"}],"author":[{"embeddable":true,"href":"https:\/\/www.grand-angle-libertaire.net\/index.php?rest_route=\/wp\/v2\/users\/10"}],"replies":[{"embeddable":true,"href":"https:\/\/www.grand-angle-libertaire.net\/index.php?rest_route=%2Fwp%2Fv2%2Fcomments&post=5433"}],"version-history":[{"count":4,"href":"https:\/\/www.grand-angle-libertaire.net\/index.php?rest_route=\/wp\/v2\/pages\/5433\/revisions"}],"predecessor-version":[{"id":5440,"href":"https:\/\/www.grand-angle-libertaire.net\/index.php?rest_route=\/wp\/v2\/pages\/5433\/revisions\/5440"}],"up":[{"embeddable":true,"href":"https:\/\/www.grand-angle-libertaire.net\/index.php?rest_route=\/wp\/v2\/pages\/5338"}],"wp:attachment":[{"href":"https:\/\/www.grand-angle-libertaire.net\/index.php?rest_route=%2Fwp%2Fv2%2Fmedia&parent=5433"}],"curies":[{"name":"wp","href":"https:\/\/api.w.org\/{rel}","templated":true}]}}