{"id":5397,"date":"2026-01-17T15:56:12","date_gmt":"2026-01-17T13:56:12","guid":{"rendered":"https:\/\/www.grand-angle-libertaire.net\/?page_id=5397"},"modified":"2026-01-17T16:03:18","modified_gmt":"2026-01-17T14:03:18","slug":"anthropologie-anarchiste-et-anarchisme-methodologique-chez-david-graeber-et-james-c-scott","status":"publish","type":"page","link":"https:\/\/www.grand-angle-libertaire.net\/?page_id=5397","title":{"rendered":"Anthropologie anarchiste et anarchisme m\u00e9thodologique chez David Graeber et James C. Scott"},"content":{"rendered":"<p class=\"elementToProof\"><span style=\"color: #0000ff;\"><strong>Anthropologie anarchiste et anarchisme m\u00e9thodologique chez David Graeber et James C. Scott<\/strong><\/span><\/p>\n<p class=\"elementToProof\">(podcast de 19 mn 31 s)<\/p>\n<p class=\"elementToProof\">Par Philippe Corcuff (professeur de science politique \u00e0 Sciences Po Lyon)<\/p>\n<p class=\"elementToProof\">Ce podcast a \u00e9t\u00e9 r\u00e9alis\u00e9 dans le cadre d&rsquo;un cours de 5e ann\u00e9e de Sciences Po Lyon sur \u00ab\u00a0Droit et soci\u00e9t\u00e9\u00a0\u00bb, consacr\u00e9 en 2024-2025 et 2025-2026 \u00e0 \u00ab\u00a0Anarchie et droit\u00a0\u00bb.<\/p>\n<audio class=\"wp-audio-shortcode\" id=\"audio-5397-1\" preload=\"none\" style=\"width: 100%;\" controls=\"controls\"><source type=\"audio\/mpeg\" src=\"https:\/\/www.grand-angle-libertaire.net\/wp-content\/uploads\/2026\/01\/Podcast-1-Philippe-Corcuff-Anthropologie-anarchiste-cours-Droit-et-societe-aout-2024.mp3?_=1\" \/><a href=\"https:\/\/www.grand-angle-libertaire.net\/wp-content\/uploads\/2026\/01\/Podcast-1-Philippe-Corcuff-Anthropologie-anarchiste-cours-Droit-et-societe-aout-2024.mp3\">https:\/\/www.grand-angle-libertaire.net\/wp-content\/uploads\/2026\/01\/Podcast-1-Philippe-Corcuff-Anthropologie-anarchiste-cours-Droit-et-societe-aout-2024.mp3<\/a><\/audio>\n","protected":false},"excerpt":{"rendered":"<p>Anthropologie anarchiste et anarchisme m\u00e9thodologique chez David Graeber et James C. Scott (podcast de 19 mn 31 s) Par Philippe Corcuff (professeur de science politique \u00e0 Sciences Po Lyon) Ce podcast a \u00e9t\u00e9 r\u00e9alis\u00e9 dans le &hellip; <\/p>\n","protected":false},"author":10,"featured_media":0,"parent":5338,"menu_order":2,"comment_status":"closed","ping_status":"closed","template":"","meta":{"footnotes":""},"class_list":["post-5397","page","type-page","status-publish","hentry"],"jetpack_sharing_enabled":true,"jetpack_shortlink":"https:\/\/wp.me\/Pc9uqr-1p3","_links":{"self":[{"href":"https:\/\/www.grand-angle-libertaire.net\/index.php?rest_route=\/wp\/v2\/pages\/5397","targetHints":{"allow":["GET"]}}],"collection":[{"href":"https:\/\/www.grand-angle-libertaire.net\/index.php?rest_route=\/wp\/v2\/pages"}],"about":[{"href":"https:\/\/www.grand-angle-libertaire.net\/index.php?rest_route=\/wp\/v2\/types\/page"}],"author":[{"embeddable":true,"href":"https:\/\/www.grand-angle-libertaire.net\/index.php?rest_route=\/wp\/v2\/users\/10"}],"replies":[{"embeddable":true,"href":"https:\/\/www.grand-angle-libertaire.net\/index.php?rest_route=%2Fwp%2Fv2%2Fcomments&post=5397"}],"version-history":[{"count":3,"href":"https:\/\/www.grand-angle-libertaire.net\/index.php?rest_route=\/wp\/v2\/pages\/5397\/revisions"}],"predecessor-version":[{"id":5401,"href":"https:\/\/www.grand-angle-libertaire.net\/index.php?rest_route=\/wp\/v2\/pages\/5397\/revisions\/5401"}],"up":[{"embeddable":true,"href":"https:\/\/www.grand-angle-libertaire.net\/index.php?rest_route=\/wp\/v2\/pages\/5338"}],"wp:attachment":[{"href":"https:\/\/www.grand-angle-libertaire.net\/index.php?rest_route=%2Fwp%2Fv2%2Fmedia&parent=5397"}],"curies":[{"name":"wp","href":"https:\/\/api.w.org\/{rel}","templated":true}]}}