{"id":5389,"date":"2026-01-12T16:14:18","date_gmt":"2026-01-12T14:14:18","guid":{"rendered":"https:\/\/www.grand-angle-libertaire.net\/?page_id=5389"},"modified":"2026-01-22T12:24:09","modified_gmt":"2026-01-22T10:24:09","slug":"anarchie-et-droit-partie-1-et-2","status":"publish","type":"page","link":"https:\/\/www.grand-angle-libertaire.net\/?page_id=5389","title":{"rendered":"Anarchie et droit par Anne-Sophie Chambost &#8211; partie 1 et 2"},"content":{"rendered":"<p class=\"elementToProof\"><span style=\"color: #0000ff;\"><strong>Droit et anarchie : \u00e9tat des lieux et g\u00e9n\u00e9ralit\u00e9s<\/strong> <\/span>(podcast de 20 mn)<\/p>\n<p class=\"elementToProof\">Par Anne-Sophie Chambost (professeure d&rsquo;histoire du droit \u00e0 Sciences Po Lyon)<\/p>\n<p class=\"elementToProof\">Ce podcast a \u00e9t\u00e9 r\u00e9alis\u00e9 dans le cadre d&rsquo;un cours de 5e ann\u00e9e de Sciences Po Lyon sur \u00ab\u00a0Droit et soci\u00e9t\u00e9\u00a0\u00bb, consacr\u00e9 en 2024-2025 et 2025-2026 \u00e0 \u00ab\u00a0Anarchie et droit\u00a0\u00bb.<\/p>\n<div><\/div>\n<audio class=\"wp-audio-shortcode\" id=\"audio-5389-1\" preload=\"none\" style=\"width: 100%;\" controls=\"controls\"><source type=\"audio\/mpeg\" src=\"https:\/\/www.grand-angle-libertaire.net\/wp-content\/uploads\/2026\/01\/ASC-podcast-1-anarchie-droit.mp3?_=1\" \/><a href=\"https:\/\/www.grand-angle-libertaire.net\/wp-content\/uploads\/2026\/01\/ASC-podcast-1-anarchie-droit.mp3\">https:\/\/www.grand-angle-libertaire.net\/wp-content\/uploads\/2026\/01\/ASC-podcast-1-anarchie-droit.mp3<\/a><\/audio>\n<div><\/div>\n<p class=\"elementToProof\"><span style=\"color: #0000ff;\"><strong>La propagande par le fait<\/strong><\/span> (podcast de 23 mn 20 s)<\/p>\n<p>Par Anne-Sophie Chambost (professeure d&rsquo;histoire du droit \u00e0 Sciences Po Lyon)<\/p>\n<p>Ce podcast a \u00e9t\u00e9 r\u00e9alis\u00e9 dans le cadre d&rsquo;un cours de 5e ann\u00e9e de Sciences Po Lyon sur \u00ab\u00a0Droit et soci\u00e9t\u00e9\u00a0\u00bb, consacr\u00e9 en 2024-2025 et 2025-2026 \u00e0 \u00ab\u00a0Anarchie et droit\u00a0\u00bb.<\/p>\n<audio class=\"wp-audio-shortcode\" id=\"audio-5389-2\" preload=\"none\" style=\"width: 100%;\" controls=\"controls\"><source type=\"audio\/mpeg\" src=\"https:\/\/www.grand-angle-libertaire.net\/wp-content\/uploads\/2026\/01\/ASC-podcast-2.mp3?_=2\" \/><a href=\"https:\/\/www.grand-angle-libertaire.net\/wp-content\/uploads\/2026\/01\/ASC-podcast-2.mp3\">https:\/\/www.grand-angle-libertaire.net\/wp-content\/uploads\/2026\/01\/ASC-podcast-2.mp3<\/a><\/audio>\n","protected":false},"excerpt":{"rendered":"<p>Droit et anarchie : \u00e9tat des lieux et g\u00e9n\u00e9ralit\u00e9s (podcast de 20 mn) Par Anne-Sophie Chambost (professeure d&rsquo;histoire du droit \u00e0 Sciences Po Lyon) Ce podcast a \u00e9t\u00e9 r\u00e9alis\u00e9 dans le cadre d&rsquo;un cours de 5e &hellip; <\/p>\n","protected":false},"author":10,"featured_media":0,"parent":5338,"menu_order":1,"comment_status":"closed","ping_status":"closed","template":"","meta":{"footnotes":""},"class_list":["post-5389","page","type-page","status-publish","hentry"],"jetpack_sharing_enabled":true,"jetpack_shortlink":"https:\/\/wp.me\/Pc9uqr-1oV","_links":{"self":[{"href":"https:\/\/www.grand-angle-libertaire.net\/index.php?rest_route=\/wp\/v2\/pages\/5389","targetHints":{"allow":["GET"]}}],"collection":[{"href":"https:\/\/www.grand-angle-libertaire.net\/index.php?rest_route=\/wp\/v2\/pages"}],"about":[{"href":"https:\/\/www.grand-angle-libertaire.net\/index.php?rest_route=\/wp\/v2\/types\/page"}],"author":[{"embeddable":true,"href":"https:\/\/www.grand-angle-libertaire.net\/index.php?rest_route=\/wp\/v2\/users\/10"}],"replies":[{"embeddable":true,"href":"https:\/\/www.grand-angle-libertaire.net\/index.php?rest_route=%2Fwp%2Fv2%2Fcomments&post=5389"}],"version-history":[{"count":6,"href":"https:\/\/www.grand-angle-libertaire.net\/index.php?rest_route=\/wp\/v2\/pages\/5389\/revisions"}],"predecessor-version":[{"id":5576,"href":"https:\/\/www.grand-angle-libertaire.net\/index.php?rest_route=\/wp\/v2\/pages\/5389\/revisions\/5576"}],"up":[{"embeddable":true,"href":"https:\/\/www.grand-angle-libertaire.net\/index.php?rest_route=\/wp\/v2\/pages\/5338"}],"wp:attachment":[{"href":"https:\/\/www.grand-angle-libertaire.net\/index.php?rest_route=%2Fwp%2Fv2%2Fmedia&parent=5389"}],"curies":[{"name":"wp","href":"https:\/\/api.w.org\/{rel}","templated":true}]}}