{"id":1228,"date":"2013-08-10T21:21:51","date_gmt":"2013-08-10T19:21:51","guid":{"rendered":"http:\/\/www.grand-angle-libertaire.net\/?page_id=1228"},"modified":"2013-09-13T21:44:39","modified_gmt":"2013-09-13T19:44:39","slug":"mentions-legales","status":"publish","type":"page","link":"https:\/\/www.grand-angle-libertaire.net\/?page_id=1228","title":{"rendered":"Mentions l\u00e9gales"},"content":{"rendered":"<p>&nbsp;<br \/>\n&nbsp;<br \/>\n<strong>H\u00e9bergement\u00a0:<\/strong><\/p>\n<p>Le site est h\u00e9berg\u00e9 par la soci\u00e9t\u00e9 <a href=\"http:\/\/www.ovh.com\/\" target=\"_blank\" rel=\"external\">OVH<\/a>, 2 rue Kellermann &#8211; 59100 Roubaix.<br \/>\n&nbsp;<br \/>\n&nbsp;<br \/>\n<strong>Photos\u00a0et illustrations\u00a0:<\/strong><\/p>\n<p>Les photos et illustrations publi\u00e9es sur\u00a0grand-angle-libertaire.com sont la plupart du temps sous licence Creative Commons ou indiqu\u00e9es comme tel sur les sites dont elles sont issues (<a href=\"http:\/\/commons.wikimedia.org\/\" target=\"_blank\" rel=\"external\">Wikipedia Commons<\/a>, <a href=\"http:\/\/www.flickr.com\/search\/advanced\/\" target=\"_blank\" rel=\"external\">Flickr<\/a>, &#8230;).<\/p>\n<p>Nous publions \u00e9galement certaines images non libres de droits avec l\u2019accord explicite des auteurs.<\/p>\n<p>Dans tous les cas, nous mentionnons pour chaque image son auteur et sa source.<\/p>\n<p>Si vous constatez n\u00e9anmoins une erreur, un oubli, ou la modification de licence d\u2019une image, merci de nous le signaler. Toute image peut en outre \u00eatre retir\u00e9e du site \u00e0 la demande de son auteur.\u00a0 Dans ce cas, merci de nous adresser un mail\u00a0: <a href=\"mailto:contact@grand-angle-libertaire.net\">grandanglelibertaire@yahoo.fr<\/a><br \/>\n&nbsp;<br \/>\n&nbsp;<br \/>\n<strong>Donn\u00e9es personnelles\u00a0:<\/strong><\/p>\n<p>L\u2019inscription aux lettres d\u2019information de\u00a0<i>Grand Angle libertaire<\/i>\u00a0est confidentielle.\u00a0<i>Grand Angle libertaire<\/i>\u00a0ne diffusera pas votre adresse mail \u00e0 des tiers, m\u00eame partenaires.\u00a0 Vous pouvez \u00e0 tout moment modifier votre adresse d\u2019inscription ou vous d\u00e9sinscrire des lettres d&rsquo;information.<\/p>\n<p>Vous pouvez \u00e9galement exercer votre droit d\u2019acc\u00e8s et de rectification sur les donn\u00e9es vous concernant en nous \u00e9crivant \u00e0 l\u2019adresse <a href=\"mailto:grandanglelibertaire@yahoo.fr\">grandanglelibertaire@yahoo.fr<\/a>.<br \/>\n&nbsp;<br \/>\n&nbsp;<\/p>\n","protected":false},"excerpt":{"rendered":"<p>&nbsp; &nbsp; H\u00e9bergement\u00a0: Le site est h\u00e9berg\u00e9 par la soci\u00e9t\u00e9 OVH, 2 rue Kellermann &#8211; 59100 Roubaix. &nbsp; &nbsp; Photos\u00a0et illustrations\u00a0: Les photos et illustrations publi\u00e9es sur\u00a0grand-angle-libertaire.com sont la plupart du temps sous licence Creative Commons &hellip; <\/p>\n","protected":false},"author":17,"featured_media":0,"parent":0,"menu_order":0,"comment_status":"closed","ping_status":"open","template":"","meta":{"footnotes":""},"class_list":["post-1228","page","type-page","status-publish","hentry"],"jetpack_sharing_enabled":true,"jetpack_shortlink":"https:\/\/wp.me\/Pc9uqr-jO","_links":{"self":[{"href":"https:\/\/www.grand-angle-libertaire.net\/index.php?rest_route=\/wp\/v2\/pages\/1228","targetHints":{"allow":["GET"]}}],"collection":[{"href":"https:\/\/www.grand-angle-libertaire.net\/index.php?rest_route=\/wp\/v2\/pages"}],"about":[{"href":"https:\/\/www.grand-angle-libertaire.net\/index.php?rest_route=\/wp\/v2\/types\/page"}],"author":[{"embeddable":true,"href":"https:\/\/www.grand-angle-libertaire.net\/index.php?rest_route=\/wp\/v2\/users\/17"}],"replies":[{"embeddable":true,"href":"https:\/\/www.grand-angle-libertaire.net\/index.php?rest_route=%2Fwp%2Fv2%2Fcomments&post=1228"}],"version-history":[{"count":0,"href":"https:\/\/www.grand-angle-libertaire.net\/index.php?rest_route=\/wp\/v2\/pages\/1228\/revisions"}],"wp:attachment":[{"href":"https:\/\/www.grand-angle-libertaire.net\/index.php?rest_route=%2Fwp%2Fv2%2Fmedia&parent=1228"}],"curies":[{"name":"wp","href":"https:\/\/api.w.org\/{rel}","templated":true}]}}